{"id":4123,"date":"2023-08-19T21:16:28","date_gmt":"2023-08-19T21:16:28","guid":{"rendered":"https:\/\/looseningcaptivesblog.com\/?page_id=4123"},"modified":"2023-10-21T08:23:18","modified_gmt":"2023-10-21T08:23:18","slug":"terms-and-conditions","status":"publish","type":"page","link":"https:\/\/looseningcaptivesblog.com\/es\/terms-and-conditions\/","title":{"rendered":"T\u00e9rminos y condiciones"},"content":{"rendered":"<p class=\"\"><strong>Acuerdo entre el Usuario y https:\/\/looseningcaptivesblog.com<\/strong><\/p>\n\n\n\n<p class=\"\">Bienvenido a https:\/\/looseningcaptivesblog.com. El sitio web https:\/\/looseningcaptivesblog.com (el \u201cSitio\u201d) se compone de varias p\u00e1ginas web operadas por Looseningcaptivesblog.com LLC (\u201cLooseningcaptivesblog.com\u201d). https:\/\/looseningcaptivesblog.com se le ofrece condicionado a su aceptaci\u00f3n sin modificaciones de los t\u00e9rminos, condiciones y avisos contenidos en este documento (los \u201cT\u00e9rminos\u201d). Su uso de https:\/\/looseningcaptivesblog.com constituye su aceptaci\u00f3n de todos dichos T\u00e9rminos. Lea estos t\u00e9rminos detenidamente y guarde una copia para su referencia.<\/p>\n\n\n\n<p class=\"\">https:\/\/looseningcaptivesblog.com es un sitio de blogs.<\/p>\n\n\n\n<p class=\"\">Nuestro sitio web sirve como un centro de recursos que ofrece ideas, herramientas pr\u00e1cticas e informaci\u00f3n para apoyar su viaje hacia la libertad espiritual y una vida m\u00e1s plena en Cristo. Tambi\u00e9n ofrecemos sesiones cristianas de liberaci\u00f3n y sanaci\u00f3n interior, junto con una selecci\u00f3n de libros interesantes disponibles para su compra. Estos libros brindan informaci\u00f3n pr\u00e1ctica para empoderar a las personas en su viaje hacia la libertad emocional y espiritual de sus luchas.<\/p>\n\n\n\n<p class=\"\"><strong>Privacidad<\/strong><\/p>\n\n\n\n<p class=\"\">Su uso de https:\/\/looseningcaptivesblog.com est\u00e1 sujeto a la Pol\u00edtica de privacidad de Looseningcaptivesblog.com. Revise nuestra Pol\u00edtica de privacidad, que tambi\u00e9n rige el Sitio e informa a los usuarios sobre nuestras pr\u00e1cticas de recopilaci\u00f3n de datos.<\/p>\n\n\n\n<p class=\"\"><strong>Comunicaciones Electr\u00f3nicas<\/strong><\/p>\n\n\n\n<p class=\"\">Visitar https:\/\/looseningcaptivesblog.com o enviar correos electr\u00f3nicos a Looseningcaptivesblog.com constituye comunicaciones electr\u00f3nicas. Usted acepta recibir comunicaciones electr\u00f3nicas y acepta que todos los acuerdos, avisos, divulgaciones y otras comunicaciones que le proporcionamos electr\u00f3nicamente, por correo electr\u00f3nico y en el Sitio satisfacen cualquier requisito legal de que dichas comunicaciones se realicen por escrito.<\/p>\n\n\n\n<p class=\"\"><strong>Ni\u00f1os menores de dieciocho a\u00f1os<\/strong><\/p>\n\n\n\n<p class=\"\">Looseningcaptivesblog.com no recopila intencionalmente, ni en l\u00ednea ni fuera de l\u00ednea, informaci\u00f3n personal de personas menores de dieciocho a\u00f1os. Si es menor de 18 a\u00f1os, puede utilizar https:\/\/looseningcaptivesblog.com solo con el permiso de un padre o tutor.<\/p>\n\n\n\n<p class=\"\"><strong>Pol\u00edtica de cancelaci\u00f3n\/reembolso<\/strong><\/p>\n\n\n\n<p class=\"\">1. No se otorgar\u00e1n reembolsos si no se presenta a la sesi\u00f3n programada. No reprogramamos No Shows. Lo har\u00edas<br>tiene que programar una nueva cita.<br>2. S\u00f3lo se otorgar\u00e1n reembolsos si cancela dentro de las 24 horas anteriores a la sesi\u00f3n.<br>Si tiene que reprogramar o cancelar, vaya al calendario que utiliza (ya sea Google o Outlook Calendar) y busque<br>para la reuni\u00f3n programada. Haga clic en \u00e9l para abrirlo, despl\u00e1cese hacia abajo hasta los dos enlaces, uno para cancelar y otro para<br>reprogramar. Si hace clic en el enlace Reprogramar, acceder\u00e1 al Calendario de Calendly, donde podr\u00e1<br>Elige un nuevo d\u00eda y hora.<br>3. Para reembolsos de libros comprados, comun\u00edquese con Amazon.<\/p>\n\n\n\n<p class=\"\"><strong>Enlaces a sitios de terceros\/servicios de terceros<\/strong><\/p>\n\n\n\n<p class=\"\">https:\/\/looseningcaptivesblog.com puede contener enlaces a otros sitios web (\u201cSitios vinculados\u201d). Los Sitios vinculados no est\u00e1n bajo el control de Looseningcaptivesblog.com y Looseningcaptivesblog.com no es responsable del contenido de ning\u00fan Sitio vinculado, incluido, entre otros, cualquier v\u00ednculo contenido en un Sitio vinculado, o cualquier cambio o actualizaci\u00f3n de un Sitio vinculado. Looseningcaptivesblog.com le proporciona estos v\u00ednculos s\u00f3lo para su conveniencia, y la inclusi\u00f3n de cualquier v\u00ednculo no implica aprobaci\u00f3n por parte de Looseningcaptivesblog.com del sitio, ni asociaci\u00f3n con sus operadores.<\/p>\n\n\n\n<p class=\"\">Ciertos servicios disponibles a trav\u00e9s de https:\/\/looseningcaptivesblog.com son proporcionados por sitios y organizaciones de terceros. Al utilizar cualquier producto, servicio o funcionalidad que se origine en el dominio https:\/\/looseningcaptivesblog.com, usted reconoce y acepta que Looseningcaptivesblog.com pueda compartir dicha informaci\u00f3n y datos con cualquier tercero con quien Looseningcaptivesblog.com tenga una relaci\u00f3n contractual para proporcionar el producto, servicio o funcionalidad solicitados en nombre de los usuarios y clientes de https:\/\/looseningcaptivesblog.com.<\/p>\n\n\n\n<p class=\"\"><strong>Ning\u00fan uso\/propiedad intelectual ilegal o prohibida<\/strong><\/p>\n\n\n\n<p class=\"\">Se le otorga una licencia no exclusiva, intransferible y revocable para acceder y utilizar https:\/\/looseningcaptivesblog.com estrictamente de acuerdo con estos t\u00e9rminos de uso. Como condici\u00f3n para su uso del Sitio, usted garantiza a Looseningcaptivesblog.com que no utilizar\u00e1 el Sitio para ning\u00fan prop\u00f3sito que sea ilegal o est\u00e9 prohibido por estos T\u00e9rminos. No puede utilizar el Sitio de ninguna manera que pueda da\u00f1ar, deshabilitar, sobrecargar o perjudicar el Sitio o interferir con el uso y disfrute del Sitio por parte de terceros. No puede obtener ni intentar obtener ning\u00fan material o informaci\u00f3n a trav\u00e9s de ning\u00fan medio que no est\u00e9 disponible o proporcionado intencionalmente a trav\u00e9s del Sitio.<\/p>\n\n\n\n<p class=\"\">Todo el contenido incluido como parte del Servicio, como texto, gr\u00e1ficos, logotipos, im\u00e1genes, as\u00ed como la compilaci\u00f3n de los mismos, y cualquier software utilizado en el Sitio, es propiedad de Looseningcaptivesblog.com o sus proveedores y est\u00e1 protegido por derechos de autor y otros leyes que protegen la propiedad intelectual y los derechos de propiedad. Usted acepta observar y cumplir con todos los derechos de autor y otros avisos de propiedad, leyendas u otras restricciones contenidas en dicho contenido y no realizar\u00e1 ning\u00fan cambio al mismo.<\/p>\n\n\n\n<p class=\"\">No modificar\u00e1, publicar\u00e1, transmitir\u00e1, realizar\u00e1 ingenier\u00eda inversa, participar\u00e1 en la transferencia o venta, crear\u00e1 trabajos derivados ni explotar\u00e1 de ninguna manera el contenido, total o parcial, que se encuentra en el Sitio. El contenido de Looseningcaptivesblog.com no est\u00e1 apto para reventa. Su uso del Sitio no le da derecho a hacer ning\u00fan uso no autorizado de ning\u00fan contenido protegido y, en particular, no eliminar\u00e1 ni alterar\u00e1 ning\u00fan derecho de propiedad o aviso de atribuci\u00f3n en ning\u00fan contenido. Utilizar\u00e1 contenido protegido \u00fanicamente para su uso personal y no har\u00e1 ning\u00fan otro uso del contenido sin el permiso expreso por escrito de Looseningcaptivesblog.com y el propietario de los derechos de autor. Usted acepta que no adquiere ning\u00fan derecho de propiedad sobre ning\u00fan contenido protegido. No le otorgamos ninguna licencia, expresa o impl\u00edcita, sobre la propiedad intelectual de Looseningcaptivesblog.com o nuestros licenciantes, excepto que estos T\u00e9rminos lo autoricen expresamente.<\/p>\n\n\n\n<p class=\"\"><strong>Usuarios internacionales<\/strong><\/p>\n\n\n\n<p class=\"\">El Servicio es controlado, operado y administrado por Looseningcaptivesblog.com desde nuestras oficinas dentro de los EE. UU. Si accede al Servicio desde una ubicaci\u00f3n fuera de EE. UU., usted es responsable de cumplir con todas las leyes locales. Usted acepta que no utilizar\u00e1 el Contenido de Looseningcaptivesblog.com al que se accede a trav\u00e9s de https:\/\/looseningcaptivesblog.com en ning\u00fan pa\u00eds o de ninguna manera prohibida por las leyes, restricciones o regulaciones aplicables.<\/p>\n\n\n\n<p class=\"\"><strong>Indemnizaci\u00f3n<\/strong><\/p>\n\n\n\n<p class=\"\">Usted acepta indemnizar, defender y eximir de responsabilidad a Looseningcaptivesblog.com, sus funcionarios, directores, empleados, agentes y terceros, por cualquier p\u00e9rdida, costo, responsabilidad y gasto (incluidos los honorarios razonables de abogados) relacionados con o que surjan de su uso de o incapacidad para utilizar el Sitio o los servicios, cualquier publicaci\u00f3n de usuario realizada por usted, su violaci\u00f3n de cualquiera de los t\u00e9rminos de este Acuerdo o su violaci\u00f3n de cualquier derecho de un tercero, o su violaci\u00f3n de cualquier ley, norma o reglamento aplicable. Looseningcaptivesblog.com se reserva el derecho, a su propio costo, de asumir la defensa y el control exclusivos de cualquier asunto sujeto a indemnizaci\u00f3n por su parte, en cuyo caso cooperar\u00e1 plenamente con Looseningcaptivesblog.com para hacer valer cualquier defensa disponible.<\/p>\n\n\n\n<p class=\"\"><strong>Renuncia a demanda colectiva<\/strong><\/p>\n\n\n\n<p class=\"\">Cualquier arbitraje bajo estos T\u00e9rminos y Condiciones se llevar\u00e1 a cabo de forma individual; No se permiten arbitrajes colectivos ni acciones colectivas\/representativas\/colectivas. LAS PARTES ACUERDAN QUE UNA PARTE PUEDE PRESENTAR RECLAMACIONES CONTRA LA OTRA S\u00d3LO EN CAPACIDAD INDIVIDUAL DE CADA UNA, Y NO COMO DEMANDANTE O MIEMBRO DE LA CLASE EN CUALQUIER PROCEDIMIENTO PUTATIVO DE CLASE, COLECTIVO Y\/O REPRESENTATIVO, COMO EN LA FORMA DE UNA ACCI\u00d3N GENERAL DE ABOGADO PRIVADO CONTRA EL OTRO. Adem\u00e1s, a menos que usted y Looseningcaptivesblog.com acuerden lo contrario, el \u00e1rbitro no podr\u00e1 consolidar los reclamos de m\u00e1s de una persona y no podr\u00e1 presidir ninguna forma de procedimiento representativo o colectivo.<\/p>\n\n\n\n<p class=\"\"><strong>Descargo de responsabilidad<\/strong><\/p>\n\n\n\n<p class=\"\">LA INFORMACI\u00d3N, EL SOFTWARE, LOS PRODUCTOS Y LOS SERVICIOS INCLUIDOS O DISPONIBLES A TRAV\u00c9S DEL SITIO PUEDEN INCLUIR IMPRECISIONES O ERRORES TIPOGR\u00c1FICOS. SE AGREGAN CAMBIOS PERI\u00d3DICAMENTE A LA INFORMACI\u00d3N CONTENIDA EN ESTE DOCUMENTO. LOOSENINGCAPTIVESBLOG.COM LLC Y\/O SUS PROVEEDORES PUEDEN REALIZAR MEJORAS Y\/O CAMBIOS EN EL SITIO EN CUALQUIER MOMENTO.<\/p>\n\n\n\n<p class=\"\">LOOSENINGCAPTIVESBLOG.COM LLC Y\/O SUS PROVEEDORES NO HACEN DECLARACIONES SOBRE LA IDONEIDAD, CONFIABILIDAD, DISPONIBILIDAD, PUNTUALIDAD Y EXACTITUD DE LA INFORMACI\u00d3N, SOFTWARE, PRODUCTOS, SERVICIOS Y GR\u00c1FICOS RELACIONADOS CONTENIDOS EN EL SITIO PARA CUALQUIER PROP\u00d3SITO. EN LA MEDIDA M\u00c1XIMA PERMITIDA POR LA LEY APLICABLE, TODA LA INFORMACI\u00d3N, SOFTWARE, PRODUCTOS, SERVICIOS Y GR\u00c1FICOS RELACIONADOS SE PROPORCIONAN \u201cTAL CUAL\u201d SIN GARANT\u00cdA NI CONDICI\u00d3N DE NING\u00daN TIPO. LOOSENINGCAPTIVESBLOG.COM LLC Y\/O SUS PROVEEDORES POR LA PRESENTE RENUNCIA A TODAS LAS GARANT\u00cdAS Y CONDICIONES CON RESPECTO A ESTA INFORMACI\u00d3N, SOFTWARE, PRODUCTOS, SERVICIOS Y GR\u00c1FICOS RELACIONADOS, INCLUYENDO TODAS LAS GARANT\u00cdAS O CONDICIONES IMPL\u00cdCITAS DE COMERCIABILIDAD, IDONEIDAD PARA UN PROP\u00d3SITO PARTICULAR, T\u00cdTULO Y NO INFRACCI\u00d3N .<\/p>\n\n\n\n<p class=\"\">EN LA MEDIDA M\u00c1XIMA PERMITIDA POR LA LEY APLICABLE, EN NING\u00daN CASO LOOSENINGCAPTIVESBLOG.COM LLC Y\/O SUS PROVEEDORES SER\u00c1N RESPONSABLES DE NING\u00daN DA\u00d1O DIRECTO, INDIRECTO, PUNITIVO, INCIDENTAL, ESPECIAL, CONSECUENTE O CUALQUIER DA\u00d1O, INCLUYENDO, SIN LIMITACI\u00d3N, DA\u00d1OS POR P\u00c9RDIDA DE USO, DATOS O BENEFICIOS, QUE SURJAN DE O EST\u00c1N RELACIONADOS DE ALGUNA MANERA CON EL USO O RENDIMIENTO DEL SITIO, CON EL RETRASO O IMPOSIBILIDAD DE UTILIZAR EL SITIO O LOS SERVICIOS RELACIONADOS, LA PRESTACI\u00d3N O FALTA DE PROPORCI\u00d3N DE SERVICIOS, O PARA CUALQUIER INFORMACI\u00d3N , SOFTWARE, PRODUCTOS, SERVICIOS Y GR\u00c1FICOS RELACIONADOS OBTENIDOS A TRAV\u00c9S DEL SITIO, O DE OTRA MANERA QUE SURJAN DEL USO DEL SITIO, YA SEA BASADO EN CONTRATO, AGRAVIO, NEGLIGENCIA, RESPONSABILIDAD ESTRICTA O DE OTRA MANERA, INCLUSO SI LOOSENINGCAPTIVESBLOG.COM LLC O CUALQUIERA DE SUS PROVEEDORES HA SIDO INFORMADO DE LA POSIBILIDAD DE DA\u00d1OS. DEBIDO A QUE ALGUNOS ESTADOS\/JURISDICCIONES NO PERMITEN LA EXCLUSI\u00d3N O LIMITACI\u00d3N DE RESPONSABILIDAD POR DA\u00d1OS CONSECUENCIALES O INCIDENTALES, LA LIMITACI\u00d3N ANTERIOR PUEDE NO APLICARSE EN SU CASO. SI NO EST\u00c1 SATISFECHO CON ALGUNA PARTE DEL SITIO O CON ALGUNO DE ESTOS T\u00c9RMINOS DE USO, SU \u00daNICO Y EXCLUSIVO RECURSO ES DEJAR DE UTILIZAR EL SITIO.<\/p>\n\n\n\n<p class=\"\"><strong>Terminaci\u00f3n\/restricci\u00f3n de acceso<\/strong><\/p>\n\n\n\n<p class=\"\">Looseningcaptivesblog.com se reserva el derecho, a su entera discreci\u00f3n, de cancelar su acceso al Sitio y los servicios relacionados o cualquier parte de los mismos en cualquier momento, sin previo aviso. En la medida m\u00e1xima permitida por la ley, este acuerdo se rige por las leyes del Estado de Nueva York, y por la presente usted acepta la jurisdicci\u00f3n y competencia exclusivas de los tribunales de Nueva York en todas las disputas que surjan o est\u00e9n relacionadas con el uso del Sitio. El uso del Sitio no est\u00e1 autorizado en ninguna jurisdicci\u00f3n que no d\u00e9 efecto a todas las disposiciones de estos T\u00e9rminos, incluida, entre otras, esta secci\u00f3n.<\/p>\n\n\n\n<p class=\"\">Usted acepta que no existe ninguna empresa conjunta, sociedad, empleo o relaci\u00f3n de agencia entre usted y Looseningcaptivesblog.com como resultado de este acuerdo o uso del Sitio. El cumplimiento de este acuerdo por parte de Looseningcaptivesblog.com est\u00e1 sujeto a las leyes y procesos legales existentes, y nada de lo contenido en este acuerdo constituye una derogaci\u00f3n del derecho de Looseningcaptivesblog.com a cumplir con las solicitudes o requisitos gubernamentales, judiciales y policiales relacionados con su uso del Sitio o informaci\u00f3n proporcionada o recopilada por Looseningcaptivesblog.com con respecto a dicho uso. Si se determina que alguna parte de este acuerdo es inv\u00e1lida o inaplicable de conformidad con la ley aplicable, incluidas, entre otras, las renuncias de garant\u00eda y las limitaciones de responsabilidad establecidas anteriormente, entonces la disposici\u00f3n inv\u00e1lida o inaplicable se considerar\u00e1 reemplazada por una disposici\u00f3n v\u00e1lida y ejecutable. que m\u00e1s se acerque a la intenci\u00f3n de la disposici\u00f3n original y el resto del acuerdo continuar\u00e1 en vigor.<\/p>\n\n\n\n<p class=\"\">A menos que se especifique lo contrario en este documento, este acuerdo constituye el acuerdo completo entre el usuario y Looseningcaptivesblog.com con respecto al Sitio y reemplaza todas las comunicaciones y propuestas anteriores o contempor\u00e1neas, ya sean electr\u00f3nicas, orales o escritas, entre el usuario y Looseningcaptivesblog.com con respecto al sitio. Una versi\u00f3n impresa de este acuerdo y de cualquier notificaci\u00f3n dada en formato electr\u00f3nico ser\u00e1 admisible en procedimientos judiciales o administrativos basados en o relacionados con este acuerdo en la misma medida y sujeto a las mismas condiciones que otros documentos y registros comerciales originalmente generados y mantenidos en formulario impreso. Es el deseo expreso de las partes que este acuerdo y todos los documentos relacionados est\u00e9n escritos en ingl\u00e9s.<\/p>\n\n\n\n<p class=\"\"><strong>Cambios a los t\u00e9rminos<\/strong><\/p>\n\n\n\n<p class=\"\">Looseningcaptivesblog.com se reserva el derecho, a su exclusivo criterio, de cambiar los T\u00e9rminos bajo los cuales se ofrece https:\/\/looseningcaptivesblog.com. La versi\u00f3n m\u00e1s actual de los T\u00e9rminos reemplazar\u00e1 a todas las versiones anteriores. Looseningcaptivesblog.com lo alienta a revisar peri\u00f3dicamente los T\u00e9rminos para mantenerse informado de nuestras actualizaciones.<\/p>\n\n\n\n<p class=\"\"><strong>Cont\u00e1ctenos<\/strong><\/p>\n\n\n\n<p class=\"\">Looseningcaptivesblog.com agradece sus preguntas o comentarios sobre los T\u00e9rminos:<\/p>\n\n\n\n<p class=\"\">Looseningcaptivesblog.com LLC<\/p>\n\n\n\n<p class=\"\">307 Oeste 38 Calle, Fl.16, Caja 107<\/p>\n\n\n\n<p class=\"\">Nueva York, Nueva York 10018<\/p>\n\n\n\n<p class=\"\">Direcci\u00f3n de correo electr\u00f3nico:<\/p>\n\n\n\n<p class=\"\">flavia@looseningcaptivesblog.com<\/p>\n\n\n\n<p class=\"\">_________________<\/p>\n\n\n\n<p class=\"\">En vigor a partir del 19 de agosto de 2023<\/p>","protected":false},"excerpt":{"rendered":"<p>Agreement between User and https:\/\/looseningcaptivesblog.com Welcome to https:\/\/looseningcaptivesblog.com. The https:\/\/looseningcaptivesblog.com website (the &#8220;Site&#8221;) is comprised of various web pages operated by Looseningcaptivesblog.com LLC (&#8220;Looseningcaptivesblog.com&#8221;). https:\/\/looseningcaptivesblog.com is offered to you conditioned on your acceptance without modification of the terms, conditions, and notices contained herein (the &#8220;Terms&#8221;). Your use of https:\/\/looseningcaptivesblog.com constitutes your agreement to all such [&hellip;]<\/p>\n","protected":false},"author":1,"featured_media":0,"parent":0,"menu_order":0,"comment_status":"closed","ping_status":"closed","template":"","meta":{"nf_dc_page":"","site-sidebar-layout":"default","site-content-layout":"","ast-site-content-layout":"default","site-content-style":"default","site-sidebar-style":"default","ast-global-header-display":"","ast-banner-title-visibility":"","ast-main-header-display":"","ast-hfb-above-header-display":"","ast-hfb-below-header-display":"","ast-hfb-mobile-header-display":"","site-post-title":"","ast-breadcrumbs-content":"","ast-featured-img":"","footer-sml-layout":"","ast-disable-related-posts":"","theme-transparent-header-meta":"","adv-header-id-meta":"","stick-header-meta":"","header-above-stick-meta":"","header-main-stick-meta":"","header-below-stick-meta":"","astra-migrate-meta-layouts":"set","ast-page-background-enabled":"default","ast-page-background-meta":{"desktop":{"background-color":"var(--ast-global-color-4)","background-image":"","background-repeat":"repeat","background-position":"center center","background-size":"auto","background-attachment":"scroll","background-type":"","background-media":"","overlay-type":"","overlay-color":"","overlay-opacity":"","overlay-gradient":""},"tablet":{"background-color":"","background-image":"","background-repeat":"repeat","background-position":"center center","background-size":"auto","background-attachment":"scroll","background-type":"","background-media":"","overlay-type":"","overlay-color":"","overlay-opacity":"","overlay-gradient":""},"mobile":{"background-color":"","background-image":"","background-repeat":"repeat","background-position":"center center","background-size":"auto","background-attachment":"scroll","background-type":"","background-media":"","overlay-type":"","overlay-color":"","overlay-opacity":"","overlay-gradient":""}},"ast-content-background-meta":{"desktop":{"background-color":"var(--ast-global-color-5)","background-image":"","background-repeat":"repeat","background-position":"center center","background-size":"auto","background-attachment":"scroll","background-type":"","background-media":"","overlay-type":"","overlay-color":"","overlay-opacity":"","overlay-gradient":""},"tablet":{"background-color":"var(--ast-global-color-5)","background-image":"","background-repeat":"repeat","background-position":"center center","background-size":"auto","background-attachment":"scroll","background-type":"","background-media":"","overlay-type":"","overlay-color":"","overlay-opacity":"","overlay-gradient":""},"mobile":{"background-color":"var(--ast-global-color-5)","background-image":"","background-repeat":"repeat","background-position":"center center","background-size":"auto","background-attachment":"scroll","background-type":"","background-media":"","overlay-type":"","overlay-color":"","overlay-opacity":"","overlay-gradient":""}},"footnotes":""},"class_list":["post-4123","page","type-page","status-publish","hentry"],"aioseo_notices":[],"_links":{"self":[{"href":"https:\/\/looseningcaptivesblog.com\/es\/wp-json\/wp\/v2\/pages\/4123","targetHints":{"allow":["GET"]}}],"collection":[{"href":"https:\/\/looseningcaptivesblog.com\/es\/wp-json\/wp\/v2\/pages"}],"about":[{"href":"https:\/\/looseningcaptivesblog.com\/es\/wp-json\/wp\/v2\/types\/page"}],"author":[{"embeddable":true,"href":"https:\/\/looseningcaptivesblog.com\/es\/wp-json\/wp\/v2\/users\/1"}],"replies":[{"embeddable":true,"href":"https:\/\/looseningcaptivesblog.com\/es\/wp-json\/wp\/v2\/comments?post=4123"}],"version-history":[{"count":0,"href":"https:\/\/looseningcaptivesblog.com\/es\/wp-json\/wp\/v2\/pages\/4123\/revisions"}],"wp:attachment":[{"href":"https:\/\/looseningcaptivesblog.com\/es\/wp-json\/wp\/v2\/media?parent=4123"}],"curies":[{"name":"gracias","href":"https:\/\/api.w.org\/{rel}","templated":true}]}}