{"id":4106,"date":"2023-08-19T16:31:22","date_gmt":"2023-08-19T16:31:22","guid":{"rendered":"https:\/\/looseningcaptivesblog.com\/?page_id=4106"},"modified":"2023-10-21T08:21:52","modified_gmt":"2023-10-21T08:21:52","slug":"privacy-policy","status":"publish","type":"page","link":"https:\/\/looseningcaptivesblog.com\/es\/privacy-policy\/","title":{"rendered":"pol\u00edtica de privacidad"},"content":{"rendered":"<p class=\"\">Proteger su informaci\u00f3n privada es nuestra prioridad. Esta Declaraci\u00f3n de Privacidad se aplica a https:\/\/looseningcaptivesblog.com\/ y Looseningcaptivesblog.com LLC y rige la recopilaci\u00f3n y el uso de datos. A los efectos de esta Pol\u00edtica de privacidad, a menos que se indique lo contrario, todas las referencias a Looseningcaptivesblog.com LLC incluyen https:\/\/looseningcaptivesblog.com\/ y Looseningcaptivesblog.com. El sitio web Looseningcaptivesblog.com es un sitio web de publicaciones de blog que tambi\u00e9n ofrece un servicio pago. Al utilizar el sitio Looseningcaptivesblog.com, usted acepta las pr\u00e1cticas utilizadas en relaci\u00f3n a los datos que se describen en esta declaraci\u00f3n.<\/p>\n\n\n\n<p class=\"\"><strong>Recopilaci\u00f3n de su informaci\u00f3n personal<\/strong><\/p>\n\n\n\n<p class=\"\">Para brindarle mejor los productos y servicios ofrecidos, Looseningcaptivesblog.com puede recopilar informaci\u00f3n de identificaci\u00f3n personal, como su:<\/p>\n\n\n\n<p class=\"\">&nbsp; &nbsp; &nbsp; \u2013 Nombre y apellido<\/p>\n\n\n\n<p class=\"\">&nbsp; &nbsp; &nbsp; - Direcci\u00f3n de correo electr\u00f3nico<\/p>\n\n\n\n<p class=\"\">Si compra el Servicio de Looseningcaptivesblog.com, utilizamos PayPal para procesar su transacci\u00f3n de compra. PayPal recopila la informaci\u00f3n de facturaci\u00f3n y de su tarjeta de cr\u00e9dito para procesar la transacci\u00f3n de compra. Looseningcaptivesblog.com no guarda informaci\u00f3n de tarjetas de cr\u00e9dito en nuestro sitio web.<a> <\/a>Pol\u00edtica de privacidad de PayPal: <a href=\"https:\/\/www.paypal.com\/us\/legalhub\/privacy-full?locale.x=en_US.\" target=\"_blank\" rel=\"noopener\" title=\"\">https:\/\/www.paypal.com\/us\/legalhub\/privacy-full?locale.x=en_US.<\/a><\/p>\n\n\n\n<p class=\"\">Si compra libros u otros art\u00edculos en la secci\u00f3n Tienda de Looseningcaptivesblog.com, ser\u00e1 redirigido a Amazon, donde se completar\u00e1 la transacci\u00f3n de compra. Amazon recopila la informaci\u00f3n de facturaci\u00f3n y de su tarjeta de cr\u00e9dito para procesar la transacci\u00f3n de compra. Looseningcaptivesblog.com no guarda informaci\u00f3n de tarjetas de cr\u00e9dito en nuestro sitio web.<\/p>\n\n\n\n<p class=\"\">Pol\u00edtica de privacidad de Amazon: <a href=\"https:\/\/www.amazon.com\/gp\/help\/customer\/display.html?ref_=help_search_1-1&amp;nodeId=GX7NJQ4ZB8MHFRNJ&amp;qid=1692460865585&amp;sr=1-1\" target=\"_blank\" rel=\"noopener\" title=\"\">https:\/\/www.amazon.com\/gp\/help\/customer\/display.html?ref_=help_search_1-1&amp;nodeId=GX7NJQ4ZB8MHFRNJ&amp;qid=1692460865585&amp;sr=1-1<\/a><\/p>\n\n\n\n<p class=\"\">Looseningcaptivesblog.com no recopila ni guarda informaci\u00f3n de tarjetas de cr\u00e9dito en nuestro sitio web. No recopilamos ninguna informaci\u00f3n personal sobre usted, como su nombre y correo electr\u00f3nico, a menos que nos la proporcione voluntariamente. Sin embargo, es posible que deba proporcionarnos cierta informaci\u00f3n personal cuando elija utilizar ciertos productos o servicios. Estos pueden incluir: (a) registrarse para recibir las publicaciones de nuestro blog; (b) contactarnos a trav\u00e9s de nuestro Formulario de contacto con preguntas, comentarios o solicitudes de oraci\u00f3n; (c) enviarnos un mensaje de correo electr\u00f3nico; Es decir, utilizaremos su informaci\u00f3n para, entre otros, comunicarnos con usted en relaci\u00f3n con los servicios y\/o productos que nos haya solicitado. Si es necesario, es posible que necesitemos recopilar informaci\u00f3n personal adicional en el futuro.&nbsp;<\/p>\n\n\n\n<p class=\"\"><strong>Uso de su informaci\u00f3n personal<\/strong><\/p>\n\n\n\n<p class=\"\">Looseningcaptivesblog.com recopila y utiliza su informaci\u00f3n personal para operar y brindar los servicios que ha solicitado.<\/p>\n\n\n\n<p class=\"\">Looseningcaptivesblog.com tambi\u00e9n puede utilizar su informaci\u00f3n de identificaci\u00f3n personal para informarle sobre otros productos o servicios disponibles en Looseningcaptivesblog.com y sus afiliados.<\/p>\n\n\n\n<p class=\"\"><strong>Compartir informaci\u00f3n con terceros<\/strong><\/p>\n\n\n\n<p class=\"\">Looseningcaptivesblog.comno tiene que vender, alquilar o ceder sus listas de clientes a terceros.<\/p>\n\n\n\n<p class=\"\">Looseningcaptivesblog.com puede compartir datos con socios confiables para ayudarlo a realizar an\u00e1lisis estad\u00edsticos, enviarle correo electr\u00f3nico o correo postal, brindarle atenci\u00f3n al cliente u organizar las entregas. Todos estos terceros tienen prohibido utilizar su informaci\u00f3n personal, excepto para proporcionar estos servicios a Looseningcaptivesblog.com, y deben mantener la confidencialidad de su informaci\u00f3n.<\/p>\n\n\n\n<p class=\"\">Looseningcaptivesblog.com puede divulgar su informaci\u00f3n personal, sin previo aviso, si as\u00ed lo exige la ley o si cree de buena fe que dicha acci\u00f3n es necesaria para: (a) cumplir con los edictos de la ley o cumplir con un proceso legal realizado en Looseningcaptivesblog. .com o el sitio; (b) proteger y defender los derechos o propiedad de Looseningcaptivesblog.com; y\/o (c) actuar bajo circunstancias extremas para proteger la seguridad personal de los usuarios de Looseningcaptivesblog.com, o del p\u00fablico.<\/p>\n\n\n\n<p class=\"\"><strong>Informaci\u00f3n recopilada autom\u00e1ticamente<\/strong><\/p>\n\n\n\n<p class=\"\">Looseningcaptivesblog.com puede recopilar autom\u00e1ticamente informaci\u00f3n sobre el hardware y software de su computadora. Esta informaci\u00f3n puede incluir: su direcci\u00f3n IP, tipo de navegador, nombres de dominio, tiempos de acceso y direcciones de sitios web de referencia. Esta informaci\u00f3n se utiliza para el funcionamiento del servicio, para mantener la calidad del servicio y para proporcionar estad\u00edsticas generales sobre el uso del sitio web Looseningcaptivesblog.com.<\/p>\n\n\n\n<p class=\"\"><strong>Seguridad de su informaci\u00f3n personal<\/strong><\/p>\n\n\n\n<p class=\"\">Looseningcaptivesblog.com asegura su informaci\u00f3n personal frente al acceso, uso o divulgaci\u00f3n no autorizados. Looseningcaptivesblog.com utiliza los siguientes m\u00e9todos para este prop\u00f3sito:<\/p>\n\n\n\n<p class=\"\">&nbsp; &nbsp; &nbsp; \u2013 Protocolo SSL<\/p>\n\n\n\n<p class=\"\">&nbsp; &nbsp; &nbsp; \u2013 Bloqueo del sitio<\/p>\n\n\n\n<p class=\"\">Cuando la informaci\u00f3n personal (como un n\u00famero de tarjeta de cr\u00e9dito) se transmite a otros sitios web, se protege mediante el uso de cifrado, como el protocolo Secure Sockets Layer (SSL).<\/p>\n\n\n\n<p class=\"\">Nos esforzamos por tomar las medidas de seguridad adecuadas para proteger contra el acceso no autorizado o la alteraci\u00f3n de su informaci\u00f3n personal. Desafortunadamente, no se puede garantizar que ninguna transmisi\u00f3n de datos a trav\u00e9s de Internet o de cualquier red inal\u00e1mbrica sea 100% segura. Como resultado, aunque nos esforzamos por proteger su informaci\u00f3n personal, usted reconoce que: (a) existen limitaciones de seguridad y privacidad inherentes a Internet que est\u00e1n fuera de nuestro control; y (b) no se puede garantizar la seguridad, integridad y privacidad de toda la informaci\u00f3n y los datos intercambiados entre usted y nosotros a trav\u00e9s de este Sitio.<\/p>\n\n\n\n<p class=\"\"><strong>Derecho a la eliminaci\u00f3n<\/strong><\/p>\n\n\n\n<p class=\"\">Sujeto a ciertas excepciones establecidas a continuaci\u00f3n, al recibir una solicitud verificable de su parte, haremos lo siguiente:<\/p>\n\n\n\n<p class=\"\">&nbsp; \u2022 Eliminar su informaci\u00f3n personal de nuestros registros; y<\/p>\n\n\n\n<p class=\"\">&nbsp; \u2022 Indicar a cualquier proveedor de servicios que elimine su informaci\u00f3n personal de sus registros.<\/p>\n\n\n\n<p class=\"\">Tenga en cuenta que es posible que no podamos cumplir con las solicitudes para eliminar su informaci\u00f3n personal si es necesario para:<\/p>\n\n\n\n<p class=\"\">&nbsp; \u2022 Completar la transacci\u00f3n para la cual se recopil\u00f3 la informaci\u00f3n personal, cumplir con los t\u00e9rminos de una garant\u00eda escrita o retirada del producto realizada de acuerdo con la ley federal, proporcionar un bien o servicio solicitado por usted, o anticipado razonablemente dentro del contexto de nuestra relaci\u00f3n comercial continua con usted, o de otro modo ejecutar un contrato entre usted y nosotros;<\/p>\n\n\n\n<p class=\"\">&nbsp; \u2022 Detectar incidentes de seguridad, proteger contra actividades maliciosas, enga\u00f1osas, fraudulentas o ilegales; o procesar a los responsables de esa actividad;<\/p>\n\n\n\n<p class=\"\">&nbsp; \u2022 Depurar para identificar y reparar errores que afectan la funcionalidad prevista existente;<\/p>\n\n\n\n<p class=\"\">&nbsp; \u2022 Ejercer la libertad de expresi\u00f3n, garantizar el derecho de otro consumidor a ejercer su derecho a la libertad de expresi\u00f3n, o ejercer otro derecho previsto por la ley;<\/p>\n\n\n\n<p class=\"\">&nbsp; \u2022 Cumplir con la Ley de Privacidad de las Comunicaciones Electr\u00f3nicas de California;<\/p>\n\n\n\n<p class=\"\">&nbsp; \u2022 Participar en investigaciones cient\u00edficas, hist\u00f3ricas o estad\u00edsticas p\u00fablicas o revisadas por pares en inter\u00e9s p\u00fablico que cumplan con todas las dem\u00e1s leyes de \u00e9tica y privacidad aplicables, cuando es probable que nuestra eliminaci\u00f3n de la informaci\u00f3n haga imposible o perjudique gravemente el logro de dicha investigaci\u00f3n. siempre que hayamos obtenido su consentimiento informado;<\/p>\n\n\n\n<p class=\"\">&nbsp; \u2022 Permitir usos \u00fanicamente internos que est\u00e9n razonablemente alineados con sus expectativas en funci\u00f3n de su relaci\u00f3n con nosotros;<\/p>\n\n\n\n<p class=\"\">&nbsp; \u2022 Cumplir con una obligaci\u00f3n legal existente; o<\/p>\n\n\n\n<p class=\"\">&nbsp; \u2022 Utilizar su informaci\u00f3n personal de otro modo, internamente, de manera legal y compatible con el contexto en el que proporcion\u00f3 la informaci\u00f3n.<\/p>\n\n\n\n<p class=\"\"><strong>Ni\u00f1os menores de dieciocho a\u00f1os<\/strong><\/p>\n\n\n\n<p class=\"\">Looseningcaptivesblog.com no recopila intencionalmente informaci\u00f3n de identificaci\u00f3n personal de ni\u00f1os menores de dieciocho a\u00f1os. Si es menor de dieciocho a\u00f1os, debe pedir permiso a sus padres o tutores para utilizar este sitio web.<\/p>\n\n\n\n<p class=\"\"><strong>Comunicaciones por correo electr\u00f3nico<\/strong><\/p>\n\n\n\n<p class=\"\">De vez en cuando, Looseningcaptivesblog.com puede comunicarse con usted por correo electr\u00f3nico con el fin de proporcionarle anuncios, ofertas promocionales, alertas, confirmaciones, encuestas y\/u otra comunicaci\u00f3n general. Para mejorar nuestros Servicios, podemos recibir una notificaci\u00f3n cuando abre un correo electr\u00f3nico de Looseningcaptivesblog.com o hace clic en un enlace del mismo.<\/p>\n\n\n\n<p class=\"\">Si desea dejar de recibir comunicaciones promocionales o de marketing por correo electr\u00f3nico de Looseningcaptivesblog.com, puede optar por no recibir dichas comunicaciones haciendo clic en &quot;Cancelar suscripci\u00f3n a esta lista&quot;.<\/p>\n\n\n\n<p class=\"\"><strong>Cambios a esta declaraci\u00f3n<\/strong><\/p>\n\n\n\n<p class=\"\">Looseningcaptivesblog.com se reserva el derecho de cambiar esta Pol\u00edtica de Privacidad de vez en cuando. Le notificaremos sobre cambios significativos en la forma en que tratamos la informaci\u00f3n personal enviando un aviso a la direcci\u00f3n de correo electr\u00f3nico principal especificada en su cuenta, colocando un aviso destacado en nuestro sitio web y\/o actualizando cualquier informaci\u00f3n de privacidad. Su uso continuado del sitio web y\/o de los Servicios disponibles despu\u00e9s de dichas modificaciones constituir\u00e1 su: (a) reconocimiento de la Pol\u00edtica de Privacidad modificada; y (b) acuerdo de cumplir y estar sujeto a esa Pol\u00edtica.<\/p>\n\n\n\n<p class=\"\"><strong>Informaci\u00f3n del contacto<\/strong><\/p>\n\n\n\n<p class=\"\">Looseningcaptivesblog.com agradece sus preguntas o comentarios relacionados con esta Declaraci\u00f3n de Privacidad. Si cree que Looseningcaptivesblog.com no se ha adherido a esta Declaraci\u00f3n, comun\u00edquese con Looseningcaptivesblog.com en:<\/p>\n\n\n\n<p class=\"\">Looseningcaptivesblog.com LLC<\/p>\n\n\n\n<p class=\"\">307 W. 38 St. Piso 16, Buz\u00f3n de correo 107<\/p>\n\n\n\n<p class=\"\">Nueva York, Nueva York 10018<\/p>\n\n\n\n<p class=\"\">Direcci\u00f3n de correo electr\u00f3nico:<\/p>\n\n\n\n<p class=\"\">flavia@looseningcaptivesblog.com<\/p>\n\n\n\n<p class=\"\">_________________<\/p>\n\n\n\n<p class=\"\">En vigor a partir del 19 de agosto de 2023<\/p>","protected":false},"excerpt":{"rendered":"<p>Protecting your private information is our priority. This Statement of Privacy applies to https:\/\/looseningcaptivesblog.com\/, and Looseningcaptivesblog.com LLC and governs data collection and usage. For the purposes of this Privacy Policy, unless otherwise noted, all references to Looseningcaptivesblog.com LLC include https:\/\/looseningcaptivesblog.com\/ and Looseningcaptivesblog.com. The Looseningcaptivesblog.com website is a Blog Post&nbsp;website&nbsp;that also offers a paid service. By [&hellip;]<\/p>\n","protected":false},"author":1,"featured_media":0,"parent":0,"menu_order":0,"comment_status":"closed","ping_status":"closed","template":"","meta":{"nf_dc_page":"","site-sidebar-layout":"default","site-content-layout":"","ast-site-content-layout":"default","site-content-style":"default","site-sidebar-style":"default","ast-global-header-display":"","ast-banner-title-visibility":"","ast-main-header-display":"","ast-hfb-above-header-display":"","ast-hfb-below-header-display":"","ast-hfb-mobile-header-display":"","site-post-title":"","ast-breadcrumbs-content":"","ast-featured-img":"","footer-sml-layout":"","ast-disable-related-posts":"","theme-transparent-header-meta":"","adv-header-id-meta":"","stick-header-meta":"","header-above-stick-meta":"","header-main-stick-meta":"","header-below-stick-meta":"","astra-migrate-meta-layouts":"set","ast-page-background-enabled":"default","ast-page-background-meta":{"desktop":{"background-color":"var(--ast-global-color-4)","background-image":"","background-repeat":"repeat","background-position":"center center","background-size":"auto","background-attachment":"scroll","background-type":"","background-media":"","overlay-type":"","overlay-color":"","overlay-opacity":"","overlay-gradient":""},"tablet":{"background-color":"","background-image":"","background-repeat":"repeat","background-position":"center center","background-size":"auto","background-attachment":"scroll","background-type":"","background-media":"","overlay-type":"","overlay-color":"","overlay-opacity":"","overlay-gradient":""},"mobile":{"background-color":"","background-image":"","background-repeat":"repeat","background-position":"center center","background-size":"auto","background-attachment":"scroll","background-type":"","background-media":"","overlay-type":"","overlay-color":"","overlay-opacity":"","overlay-gradient":""}},"ast-content-background-meta":{"desktop":{"background-color":"var(--ast-global-color-5)","background-image":"","background-repeat":"repeat","background-position":"center center","background-size":"auto","background-attachment":"scroll","background-type":"","background-media":"","overlay-type":"","overlay-color":"","overlay-opacity":"","overlay-gradient":""},"tablet":{"background-color":"var(--ast-global-color-5)","background-image":"","background-repeat":"repeat","background-position":"center center","background-size":"auto","background-attachment":"scroll","background-type":"","background-media":"","overlay-type":"","overlay-color":"","overlay-opacity":"","overlay-gradient":""},"mobile":{"background-color":"var(--ast-global-color-5)","background-image":"","background-repeat":"repeat","background-position":"center center","background-size":"auto","background-attachment":"scroll","background-type":"","background-media":"","overlay-type":"","overlay-color":"","overlay-opacity":"","overlay-gradient":""}},"footnotes":""},"class_list":["post-4106","page","type-page","status-publish","hentry"],"aioseo_notices":[],"_links":{"self":[{"href":"https:\/\/looseningcaptivesblog.com\/es\/wp-json\/wp\/v2\/pages\/4106","targetHints":{"allow":["GET"]}}],"collection":[{"href":"https:\/\/looseningcaptivesblog.com\/es\/wp-json\/wp\/v2\/pages"}],"about":[{"href":"https:\/\/looseningcaptivesblog.com\/es\/wp-json\/wp\/v2\/types\/page"}],"author":[{"embeddable":true,"href":"https:\/\/looseningcaptivesblog.com\/es\/wp-json\/wp\/v2\/users\/1"}],"replies":[{"embeddable":true,"href":"https:\/\/looseningcaptivesblog.com\/es\/wp-json\/wp\/v2\/comments?post=4106"}],"version-history":[{"count":0,"href":"https:\/\/looseningcaptivesblog.com\/es\/wp-json\/wp\/v2\/pages\/4106\/revisions"}],"wp:attachment":[{"href":"https:\/\/looseningcaptivesblog.com\/es\/wp-json\/wp\/v2\/media?parent=4106"}],"curies":[{"name":"gracias","href":"https:\/\/api.w.org\/{rel}","templated":true}]}}